{"id":337,"date":"2024-08-18T07:29:45","date_gmt":"2024-08-18T10:29:45","guid":{"rendered":"https:\/\/cloudbyte7.com\/?page_id=337"},"modified":"2024-08-18T07:29:45","modified_gmt":"2024-08-18T10:29:45","slug":"cookie-policy","status":"publish","type":"page","link":"https:\/\/cloudbyte7.com\/de\/cookie-policy\/","title":{"rendered":"Cookie-Richtlinie"},"content":{"rendered":"<div class=\"mx-5 sm:mx-0 prose text-left mb-5\">\n<h2>Cookie-Richtlinie<\/h2>\n<p>Bei <strong>Cloud Byte 7<\/strong>Ihre Privatsph\u00e4re ist uns sehr wichtig. Wir legen Wert auf Transparenz im Umgang mit Technologien, insbesondere Cookies, um Ihr Surferlebnis auf unserer Website zu verbessern. Diese ausf\u00fchrliche Cookie-Richtlinie bietet Ihnen einen umfassenden \u00dcberblick dar\u00fcber, was Cookies sind, wie sie auf unserer Website funktionieren und welche M\u00f6glichkeiten Sie haben, sie zu verwalten.<\/p>\n<h4>Was sind Cookies?<\/h4>\n<p>Cookies sind kleine Textdateien, die Websites auf Ihrem Ger\u00e4t speichern, um Informationen \u00fcber Ihren Besuch zu speichern. Diese Dateien dienen verschiedenen Zwecken, vom Speichern Ihrer Anmeldedaten bis hin zum Verfolgen Ihrer Pr\u00e4ferenzen \u00fcber verschiedene Browsersitzungen hinweg. Cookies lassen sich in Erstanbieter-Cookies, die von unserer Website gesetzt werden, und Drittanbieter-Cookies, die von anderen von uns genutzten Diensten gesetzt werden, unterteilen.<\/p>\n<h4>Arten von Cookies, die wir verwenden<\/h4>\n<ol>\n<li>\n<p><strong>Essenzielle Cookies<\/strong><\/p>\n<ul>\n<li><strong>Zweck<\/strong>Diese Cookies sind f\u00fcr den grundlegenden Betrieb unserer Website unerl\u00e4sslich. Sie erm\u00f6glichen Ihnen die Navigation auf der Website, die Nutzung wesentlicher Funktionen und gew\u00e4hrleisten das korrekte Funktionieren unserer Website. Ohne diese Cookies w\u00fcrden bestimmte Bereiche der Website nicht funktionieren.<\/li>\n<li><strong>Beispiele<\/strong>: Sitzungscookies, die Sie beim Wechsel zwischen Seiten angemeldet halten.<\/li>\n<\/ul>\n<\/li>\n<li>\n<p><strong>Performance- und Analyse-Cookies<\/strong><\/p>\n<ul>\n<li><strong>Zweck<\/strong>Diese Cookies erfassen anonyme Daten dar\u00fcber, wie Besucher unsere Website nutzen. Wir verwenden diese Informationen, um zu verstehen, wie unsere Inhalte konsumiert werden, Trends zu erkennen und die Benutzerfreundlichkeit zu verbessern. Analyse-Cookies helfen uns dabei, einzusch\u00e4tzen, welche Inhalte bei unserer Zielgruppe Anklang finden und wie wir unser Angebot optimieren k\u00f6nnen.<\/li>\n<li><strong>Beispiele<\/strong>: Cookies von Google Analytics, die Seitenaufrufe und Nutzerinteraktionen erfassen.<\/li>\n<\/ul>\n<\/li>\n<li>\n<p><strong>Funktionale Cookies<\/strong><\/p>\n<ul>\n<li><strong>Zweck<\/strong>Diese Cookies erm\u00f6glichen es unserer Website, Ihre Einstellungen zu speichern und Ihnen so ein personalisierteres Nutzererlebnis zu bieten. Dazu geh\u00f6rt das Speichern Ihrer Sprachpr\u00e4ferenz, Ihrer Region und aller benutzerdefinierten Einstellungen, die Sie bei fr\u00fcheren Besuchen vorgenommen haben.<\/li>\n<li><strong>Beispiele<\/strong>: Cookies, die Ihre bevorzugte Sprache oder Anzeigeeinstellungen speichern.<\/li>\n<\/ul>\n<\/li>\n<li>\n<p><strong>Werbe- und Targeting-Cookies<\/strong><\/p>\n<ul>\n<li><strong>Zweck<\/strong>Diese Cookies werden verwendet, um Ihnen auf Ihre Interessen zugeschnittene Werbung anzuzeigen. Sie verfolgen Ihr Surfverhalten auf unserer und anderen Websites, um ein Profil Ihrer Interessen zu erstellen. Diese Daten werden anschlie\u00dfend genutzt, um die angezeigten Anzeigen individuell anzupassen und so sicherzustellen, dass sie besser auf Ihre Interessen abgestimmt sind.<\/li>\n<li><strong>Beispiele<\/strong>Cookies von Google Ads, die verfolgen, welche Anzeigen Sie bereits gesehen haben und welche am effektivsten sind.<\/li>\n<\/ul>\n<\/li>\n<li>\n<p><strong>Cookies f\u00fcr soziale Medien<\/strong><\/p>\n<ul>\n<li><strong>Zweck<\/strong>Diese Cookies erm\u00f6glichen es Ihnen, unsere Inhalte auf Social-Media-Plattformen zu teilen und \u00fcber Social-Media-Kan\u00e4le mit unseren Inhalten zu interagieren. Sie k\u00f6nnen Ihre Interaktionen mit unseren Inhalten auf Plattformen wie Facebook, Twitter und LinkedIn verfolgen.<\/li>\n<li><strong>Beispiele<\/strong>: Cookies, die \u201eGef\u00e4llt mir\u201c-Schaltfl\u00e4chen und andere Sharing-Tools auf unseren Blogbeitr\u00e4gen erm\u00f6glichen.<\/li>\n<\/ul>\n<\/li>\n<\/ol>\n<h4>Cookies von Drittanbietern<\/h4>\n<p>Unsere Website nutzt Dienste von Drittanbietern wie Google Analytics, Google Ads und Social-Media-Plattformen, die m\u00f6glicherweise Cookies auf Ihrem Ger\u00e4t speichern. Diese Cookies werden nicht von Cloud Byte 7 kontrolliert. Wir empfehlen Ihnen, die Datenschutzrichtlinien dieser Drittanbieter zu lesen, um mehr \u00fcber deren Vorgehensweise zu erfahren. Mithilfe dieser Drittanbieter-Cookies k\u00f6nnen wir den Website-Traffic analysieren, unsere Inhalte verbessern und Ihnen personalisierte Werbung anzeigen.<\/p>\n<h4>Wie wir Cookies verwenden<\/h4>\n<p>Wir verwenden Cookies, um Ihr Erlebnis auf unserer Website auf verschiedene Weise zu verbessern:<\/p>\n<ul>\n<li><strong>Personalisierung<\/strong>Cookies erm\u00f6glichen es uns, Inhalte und Empfehlungen auf Grundlage Ihrer bisherigen Interaktionen mit unserer Website individuell anzupassen.<\/li>\n<li><strong>Analysen<\/strong>Wir verwenden Cookies, um den Datenverkehr auf unserer Website zu messen und zu analysieren, wodurch wir unsere Inhalte und Dienstleistungen verbessern k\u00f6nnen.<\/li>\n<li><strong>Werbung<\/strong>Cookies helfen uns, Ihnen auf Ihre Interessen zugeschnittene Werbung anzuzeigen und die Effektivit\u00e4t unserer Werbekampagnen zu messen.<\/li>\n<li><strong>Sicherheit<\/strong>Einige Cookies dienen dazu, die Sicherheit unserer Website zu gew\u00e4hrleisten und Ihre Daten vor unberechtigtem Zugriff zu sch\u00fctzen.<\/li>\n<\/ul>\n<h4>Ihre Cookie-Einstellungen<\/h4>\n<p>Wir m\u00f6chten Ihnen die Kontrolle \u00fcber Ihr Online-Erlebnis geben. Sie k\u00f6nnen Cookies \u00fcber Ihre Browsereinstellungen verwalten oder deaktivieren. Jeder Browser bietet unterschiedliche Methoden zum Umgang mit Cookies:<\/p>\n<ul>\n<li><strong>Google Chrome<\/strong>: <a target=\"_new\" rel=\"noreferrer noopener\">Cookies in Chrome l\u00f6schen, aktivieren und verwalten<\/a><\/li>\n<li><strong>Mozilla Firefox<\/strong>: <a href=\"https:\/\/support.mozilla.org\/en-US\/kb\/clear-cookies-and-site-data-firefox\" target=\"_new\" rel=\"noreferrer noopener\">Cookies und Websitedaten in Firefox l\u00f6schen<\/a><\/li>\n<li><strong>Microsoft Edge<\/strong>: <a href=\"https:\/\/support.microsoft.com\/en-us\/help\/4027947\/microsoft-edge-delete-cookies\" target=\"_new\" rel=\"noreferrer noopener\">Cookies in Microsoft Edge l\u00f6schen und verwalten<\/a><\/li>\n<li><strong>Safari<\/strong>: <a href=\"https:\/\/support.apple.com\/guide\/safari\/manage-cookies-and-website-data-sfri11471\/mac\" target=\"_new\" rel=\"noreferrer noopener\">Cookies und Website-Daten in Safari verwalten<\/a><\/li>\n<\/ul>\n<p>Sie k\u00f6nnen auch Werkzeuge wie die folgenden verwenden: <a target=\"_new\" rel=\"noreferrer noopener\">Opt-out-Seite der Network Advertising Initiative<\/a> oder <a target=\"_new\" rel=\"noreferrer noopener\">Google Analytics Opt-out-Browser-Add-on<\/a> um zu verwalten, wie Cookies f\u00fcr Werbe- und Analysezwecke verwendet werden.<\/p>\n<h4>Datensicherheit und Datenschutz<\/h4>\n<p>Wir legen gro\u00dfen Wert darauf, dass die mithilfe von Cookies erfassten Daten verantwortungsvoll und sicher verwendet werden. Alle \u00fcber Cookies erfassten Daten werden, soweit m\u00f6glich, anonymisiert und ausschlie\u00dflich zur Verbesserung Ihres Nutzungserlebnisses auf unserer Website verwendet. Wir verkaufen oder teilen Ihre Daten nicht mit Dritten f\u00fcr Zwecke, die \u00fcber die in dieser Datenschutzerkl\u00e4rung genannten hinausgehen.<\/p>\n<h4>Aktualisierungen dieser Richtlinie<\/h4>\n<p>Da sich unsere Website weiterentwickelt und die Technologie Fortschritte macht, k\u00f6nnen wir diese Cookie-Richtlinie aktualisieren, um \u00c4nderungen unserer Vorgehensweise oder neue Vorschriften zu ber\u00fccksichtigen. Wir empfehlen Ihnen, diese Seite regelm\u00e4\u00dfig zu besuchen, um sich \u00fcber unsere Verwendung von Cookies zu informieren.<\/p>\n<h4>Kontaktieren Sie uns<\/h4>\n<p>Bei Fragen, Anliegen oder Feedback zu unserer Cookie-Richtlinie oder wenn Sie mehr \u00fcber unsere Verwendung von Cookies erfahren m\u00f6chten, kontaktieren Sie uns bitte. Sie erreichen uns per E-Mail unter contact@cloudbyte7.com oder \u00fcber das Kontaktformular auf unserer Website.<\/p>\n<p>Durch die Verwendung <a href=\"https:\/\/cloudbyte7.com\/de\/\"><strong>Cloud Byte 7<\/strong><\/a>Sie stimmen der Verwendung von Cookies gem\u00e4\u00df dieser Richtlinie zu. Wir sch\u00e4tzen Ihr Vertrauen und sind bestrebt, Ihnen das bestm\u00f6gliche Surferlebnis zu bieten. Vielen Dank, dass Sie Teil unserer Community sind!<\/p>\n<\/div>","protected":false},"excerpt":{"rendered":"<p>Cookie-Richtlinie Bei Cloud Byte 7 ist uns Ihre Privatsph\u00e4re \u00e4u\u00dferst wichtig. Wir legen Wert auf Transparenz im Umgang mit Technologien, insbesondere Cookies, um Ihr Surferlebnis auf unserer Website zu verbessern. Diese ausf\u00fchrliche Cookie-Richtlinie bietet Ihnen einen umfassenden \u00dcberblick dar\u00fcber, was Cookies sind, wie sie auf unserer Website funktionieren und\u2026 <a class=\"more-link\" href=\"https:\/\/cloudbyte7.com\/de\/cookie-policy\/\">Weiterlesen <span class=\"screen-reader-text\">Cookie-Richtlinie<\/span><\/a><\/p>","protected":false},"author":0,"featured_media":0,"parent":0,"menu_order":0,"comment_status":"closed","ping_status":"closed","template":"elementor_header_footer","meta":{"footnotes":""},"yoast_head":"<!-- This site is optimized with the Yoast SEO plugin v23.3 - https:\/\/yoast.com\/wordpress\/plugins\/seo\/ -->\n<title>Cookie Policy - Cloud Byte 7<\/title>\n<meta name=\"robots\" content=\"index, follow, max-snippet:-1, max-image-preview:large, max-video-preview:-1\" \/>\n<link rel=\"canonical\" href=\"https:\/\/cloudbyte7.com\/de\/cookie-policy\/\" \/>\n<meta property=\"og:locale\" content=\"de_DE\" \/>\n<meta property=\"og:type\" content=\"article\" \/>\n<meta property=\"og:title\" content=\"Cookie Policy - Cloud Byte 7\" \/>\n<meta property=\"og:description\" content=\"Cookie Policy At Cloud Byte 7, your privacy is of utmost importance to us. We are dedicated to being transparent about how we use technology, particularly cookies, to enhance your browsing experience on our site. This expanded Cookie Policy provides a comprehensive overview of what cookies are, how they function on our site, and the&hellip; Continue reading Cookie Policy\" \/>\n<meta property=\"og:url\" content=\"https:\/\/cloudbyte7.com\/de\/cookie-policy\/\" \/>\n<meta property=\"og:site_name\" content=\"Cloud Byte 7\" \/>\n<meta name=\"twitter:card\" content=\"summary_large_image\" \/>\n<meta name=\"twitter:label1\" content=\"Est. reading time\" \/>\n\t<meta name=\"twitter:data1\" content=\"4 Minuten\" \/>\n<script type=\"application\/ld+json\" class=\"yoast-schema-graph\">{\"@context\":\"https:\/\/schema.org\",\"@graph\":[{\"@type\":\"WebPage\",\"@id\":\"https:\/\/cloudbyte7.com\/cookie-policy\/\",\"url\":\"https:\/\/cloudbyte7.com\/cookie-policy\/\",\"name\":\"Cookie Policy - Cloud Byte 7\",\"isPartOf\":{\"@id\":\"https:\/\/cloudbyte7.com\/#website\"},\"datePublished\":\"2024-08-18T10:29:45+00:00\",\"dateModified\":\"2024-08-18T10:29:45+00:00\",\"breadcrumb\":{\"@id\":\"https:\/\/cloudbyte7.com\/cookie-policy\/#breadcrumb\"},\"inLanguage\":\"de-DE\",\"potentialAction\":[{\"@type\":\"ReadAction\",\"target\":[\"https:\/\/cloudbyte7.com\/cookie-policy\/\"]}]},{\"@type\":\"BreadcrumbList\",\"@id\":\"https:\/\/cloudbyte7.com\/cookie-policy\/#breadcrumb\",\"itemListElement\":[{\"@type\":\"ListItem\",\"position\":1,\"name\":\"Home\",\"item\":\"https:\/\/cloudbyte7.com\/\"},{\"@type\":\"ListItem\",\"position\":2,\"name\":\"Cookie Policy\"}]},{\"@type\":\"WebSite\",\"@id\":\"https:\/\/cloudbyte7.com\/#website\",\"url\":\"https:\/\/cloudbyte7.com\/\",\"name\":\"Cloud Byte 7\",\"description\":\"\",\"potentialAction\":[{\"@type\":\"SearchAction\",\"target\":{\"@type\":\"EntryPoint\",\"urlTemplate\":\"https:\/\/cloudbyte7.com\/?s={search_term_string}\"},\"query-input\":\"required name=search_term_string\"}],\"inLanguage\":\"de-DE\"}]}<\/script>\n<!-- \/ Yoast SEO plugin. -->","yoast_head_json":{"title":"Cookie Policy - Cloud Byte 7","robots":{"index":"index","follow":"follow","max-snippet":"max-snippet:-1","max-image-preview":"max-image-preview:large","max-video-preview":"max-video-preview:-1"},"canonical":"https:\/\/cloudbyte7.com\/de\/cookie-policy\/","og_locale":"de_DE","og_type":"article","og_title":"Cookie Policy - Cloud Byte 7","og_description":"Cookie Policy At Cloud Byte 7, your privacy is of utmost importance to us. We are dedicated to being transparent about how we use technology, particularly cookies, to enhance your browsing experience on our site. This expanded Cookie Policy provides a comprehensive overview of what cookies are, how they function on our site, and the&hellip; Continue reading Cookie Policy","og_url":"https:\/\/cloudbyte7.com\/de\/cookie-policy\/","og_site_name":"Cloud Byte 7","twitter_card":"summary_large_image","twitter_misc":{"Est. reading time":"4 Minuten"},"schema":{"@context":"https:\/\/schema.org","@graph":[{"@type":"WebPage","@id":"https:\/\/cloudbyte7.com\/cookie-policy\/","url":"https:\/\/cloudbyte7.com\/cookie-policy\/","name":"Cookie Policy - Cloud Byte 7","isPartOf":{"@id":"https:\/\/cloudbyte7.com\/#website"},"datePublished":"2024-08-18T10:29:45+00:00","dateModified":"2024-08-18T10:29:45+00:00","breadcrumb":{"@id":"https:\/\/cloudbyte7.com\/cookie-policy\/#breadcrumb"},"inLanguage":"de-DE","potentialAction":[{"@type":"ReadAction","target":["https:\/\/cloudbyte7.com\/cookie-policy\/"]}]},{"@type":"BreadcrumbList","@id":"https:\/\/cloudbyte7.com\/cookie-policy\/#breadcrumb","itemListElement":[{"@type":"ListItem","position":1,"name":"Home","item":"https:\/\/cloudbyte7.com\/"},{"@type":"ListItem","position":2,"name":"Cookie Policy"}]},{"@type":"WebSite","@id":"https:\/\/cloudbyte7.com\/#website","url":"https:\/\/cloudbyte7.com\/","name":"Cloud Byte 7","description":"","potentialAction":[{"@type":"SearchAction","target":{"@type":"EntryPoint","urlTemplate":"https:\/\/cloudbyte7.com\/?s={search_term_string}"},"query-input":"required name=search_term_string"}],"inLanguage":"de-DE"}]}},"_links":{"self":[{"href":"https:\/\/cloudbyte7.com\/de\/wp-json\/wp\/v2\/pages\/337"}],"collection":[{"href":"https:\/\/cloudbyte7.com\/de\/wp-json\/wp\/v2\/pages"}],"about":[{"href":"https:\/\/cloudbyte7.com\/de\/wp-json\/wp\/v2\/types\/page"}],"replies":[{"embeddable":true,"href":"https:\/\/cloudbyte7.com\/de\/wp-json\/wp\/v2\/comments?post=337"}],"version-history":[{"count":0,"href":"https:\/\/cloudbyte7.com\/de\/wp-json\/wp\/v2\/pages\/337\/revisions"}],"wp:attachment":[{"href":"https:\/\/cloudbyte7.com\/de\/wp-json\/wp\/v2\/media?parent=337"}],"curies":[{"name":"wp","href":"https:\/\/api.w.org\/{rel}","templated":true}]}}