{"id":334,"date":"2024-08-18T07:29:43","date_gmt":"2024-08-18T10:29:43","guid":{"rendered":"https:\/\/cloudbyte7.com\/?page_id=334"},"modified":"2025-12-22T01:02:44","modified_gmt":"2025-12-22T01:02:44","slug":"about-us","status":"publish","type":"page","link":"https:\/\/cloudbyte7.com\/es\/about-us\/","title":{"rendered":"Sobre nosotros"},"content":{"rendered":"<!--advertisement--><div class=\"mx-5 sm:mx-0 sm:text-3xl text-2xl font-medium title-font mb-4 text-gray-900 text-left\">\n<h2 class=\"wp-block-heading\">Byte de nube 7<\/h2>\n<\/div><!--advertisement--><div class=\"mx-5 sm:mx-0 sm:text-3xl text-2xl font-medium title-font mb-4 text-gray-900 text-left\">\n<h3 class=\"wp-block-heading\">\u00a1Explorando nuevos horizontes!<\/h3>\n<\/div><div class=\"mx-5 sm:mx-0 prose leading-relaxed text-lg mb-5 text-left wp-paragraph\">\n<p>En Cloud Byte 7, nos comprometemos a investigar y ofrecer informaci\u00f3n clara y fiable sobre educaci\u00f3n, tecnolog\u00eda y desarrollo profesional. Nuestra misi\u00f3n es brindar a las personas informaci\u00f3n pr\u00e1ctica y conocimientos digitales que les ayuden a crecer profesionalmente y mantenerse informados en un mundo en constante evoluci\u00f3n. Creemos que el acceso a informaci\u00f3n bien estructurada, combinado con la curiosidad y la perseverancia, es clave para desarrollar habilidades, confianza y oportunidades a largo plazo.<\/p>\n<\/div><!--advertisement--><div class=\"mx-5 sm:mx-0 sm:text-3xl text-2xl font-medium title-font mb-4 text-gray-900 text-left\">\n<h3 class=\"wp-block-heading\">\u00bfQuienes somos?<\/h3>\n<\/div><div class=\"mx-5 sm:mx-0 prose leading-relaxed text-lg mb-5 text-left wp-paragraph\">\n<p>Cloud Byte 7 es una plataforma en l\u00ednea enfocada en el aprendizaje, la concientizaci\u00f3n tecnol\u00f3gica y la exploraci\u00f3n profesional. Nuestro equipo editorial trabaja continuamente para publicar contenido actualizado y relevante, dise\u00f1ado para informar y guiar a los lectores en las diferentes etapas de su trayectoria educativa y profesional. Nos dedicamos a compartir perspectivas valiosas sobre herramientas digitales, aprendizaje en l\u00ednea, tendencias laborales y oportunidades tecnol\u00f3gicas, dondequiera que est\u00e9s. Consid\u00e9ranos un referente confiable en tus rutas de aprendizaje y crecimiento profesional.<\/p>\n<\/div><!--advertisement--><div class=\"mx-5 sm:mx-0 sm:text-3xl text-2xl font-medium title-font mb-4 text-gray-900 text-left\">\n<h3 class=\"wp-block-heading\">\u00a1Ay\u00fadanos a crecer!<\/h3>\n<\/div><div class=\"mx-5 sm:mx-0 prose leading-relaxed text-lg mb-5 text-left wp-paragraph\">\n<p>Tus comentarios nos importan. Si tienes ideas para nuevos temas, sugerencias de mejora o perspectivas que quieras compartir, te invitamos a contactarnos a trav\u00e9s de nuestra p\u00e1gina de contacto. Al intercambiar conocimientos y perspectivas, podemos seguir construyendo un recurso que fomenta el aprendizaje, la innovaci\u00f3n y la toma de decisiones informada.<\/p>\n<\/div>","protected":false},"excerpt":{"rendered":"<p>Cloud Byte 7 \u00a1Explorando nuevos horizontes! En Cloud Byte 7, nos comprometemos a investigar y ofrecer informaci\u00f3n clara y fiable sobre educaci\u00f3n, tecnolog\u00eda y desarrollo profesional. Nuestra misi\u00f3n es brindar informaci\u00f3n pr\u00e1ctica y conocimientos digitales que les ayuden a crecer profesionalmente y mantenerse informados en un mundo en constante evoluci\u00f3n. Creemos que el acceso a\u2026 <a class=\"more-link\" href=\"https:\/\/cloudbyte7.com\/es\/about-us\/\">Sigue leyendo <span class=\"screen-reader-text\">Sobre nosotros<\/span><\/a><\/p>","protected":false},"author":34,"featured_media":0,"parent":0,"menu_order":0,"comment_status":"closed","ping_status":"closed","template":"","meta":{"footnotes":""},"yoast_head":"<!-- This site is optimized with the Yoast SEO plugin v23.3 - https:\/\/yoast.com\/wordpress\/plugins\/seo\/ -->\n<title>About Us - Cloud Byte 7<\/title>\n<meta name=\"robots\" content=\"index, follow, max-snippet:-1, max-image-preview:large, max-video-preview:-1\" \/>\n<link rel=\"canonical\" href=\"https:\/\/cloudbyte7.com\/es\/about-us\/\" \/>\n<meta property=\"og:locale\" content=\"es_ES\" \/>\n<meta property=\"og:type\" content=\"article\" \/>\n<meta property=\"og:title\" content=\"About Us - Cloud Byte 7\" \/>\n<meta property=\"og:description\" content=\"Cloud Byte 7 Exploring new horizons! At Cloud Byte 7, we\u2019re committed to researching and delivering clear, reliable insights across education, technology, and career development. Our mission is to support people with practical information and digital knowledge that helps them grow professionally and stay informed in a constantly evolving world. We believe that access to&hellip; Continue reading About Us\" \/>\n<meta property=\"og:url\" content=\"https:\/\/cloudbyte7.com\/es\/about-us\/\" \/>\n<meta property=\"og:site_name\" content=\"Cloud Byte 7\" \/>\n<meta property=\"article:modified_time\" content=\"2025-12-22T01:02:44+00:00\" \/>\n<meta name=\"twitter:card\" content=\"summary_large_image\" \/>\n<meta name=\"twitter:label1\" content=\"Est. reading time\" \/>\n\t<meta name=\"twitter:data1\" content=\"1 minuto\" \/>\n<script type=\"application\/ld+json\" class=\"yoast-schema-graph\">{\"@context\":\"https:\/\/schema.org\",\"@graph\":[{\"@type\":\"WebPage\",\"@id\":\"https:\/\/cloudbyte7.com\/about-us\/\",\"url\":\"https:\/\/cloudbyte7.com\/about-us\/\",\"name\":\"About Us - Cloud Byte 7\",\"isPartOf\":{\"@id\":\"https:\/\/cloudbyte7.com\/#website\"},\"datePublished\":\"2024-08-18T10:29:43+00:00\",\"dateModified\":\"2025-12-22T01:02:44+00:00\",\"breadcrumb\":{\"@id\":\"https:\/\/cloudbyte7.com\/about-us\/#breadcrumb\"},\"inLanguage\":\"es\",\"potentialAction\":[{\"@type\":\"ReadAction\",\"target\":[\"https:\/\/cloudbyte7.com\/about-us\/\"]}]},{\"@type\":\"BreadcrumbList\",\"@id\":\"https:\/\/cloudbyte7.com\/about-us\/#breadcrumb\",\"itemListElement\":[{\"@type\":\"ListItem\",\"position\":1,\"name\":\"Home\",\"item\":\"https:\/\/cloudbyte7.com\/\"},{\"@type\":\"ListItem\",\"position\":2,\"name\":\"About Us\"}]},{\"@type\":\"WebSite\",\"@id\":\"https:\/\/cloudbyte7.com\/#website\",\"url\":\"https:\/\/cloudbyte7.com\/\",\"name\":\"Cloud Byte 7\",\"description\":\"\",\"potentialAction\":[{\"@type\":\"SearchAction\",\"target\":{\"@type\":\"EntryPoint\",\"urlTemplate\":\"https:\/\/cloudbyte7.com\/?s={search_term_string}\"},\"query-input\":\"required name=search_term_string\"}],\"inLanguage\":\"es\"}]}<\/script>\n<!-- \/ Yoast SEO plugin. -->","yoast_head_json":{"title":"About Us - Cloud Byte 7","robots":{"index":"index","follow":"follow","max-snippet":"max-snippet:-1","max-image-preview":"max-image-preview:large","max-video-preview":"max-video-preview:-1"},"canonical":"https:\/\/cloudbyte7.com\/es\/about-us\/","og_locale":"es_ES","og_type":"article","og_title":"About Us - Cloud Byte 7","og_description":"Cloud Byte 7 Exploring new horizons! At Cloud Byte 7, we\u2019re committed to researching and delivering clear, reliable insights across education, technology, and career development. Our mission is to support people with practical information and digital knowledge that helps them grow professionally and stay informed in a constantly evolving world. We believe that access to&hellip; Continue reading About Us","og_url":"https:\/\/cloudbyte7.com\/es\/about-us\/","og_site_name":"Cloud Byte 7","article_modified_time":"2025-12-22T01:02:44+00:00","twitter_card":"summary_large_image","twitter_misc":{"Est. reading time":"1 minuto"},"schema":{"@context":"https:\/\/schema.org","@graph":[{"@type":"WebPage","@id":"https:\/\/cloudbyte7.com\/about-us\/","url":"https:\/\/cloudbyte7.com\/about-us\/","name":"About Us - Cloud Byte 7","isPartOf":{"@id":"https:\/\/cloudbyte7.com\/#website"},"datePublished":"2024-08-18T10:29:43+00:00","dateModified":"2025-12-22T01:02:44+00:00","breadcrumb":{"@id":"https:\/\/cloudbyte7.com\/about-us\/#breadcrumb"},"inLanguage":"es","potentialAction":[{"@type":"ReadAction","target":["https:\/\/cloudbyte7.com\/about-us\/"]}]},{"@type":"BreadcrumbList","@id":"https:\/\/cloudbyte7.com\/about-us\/#breadcrumb","itemListElement":[{"@type":"ListItem","position":1,"name":"Home","item":"https:\/\/cloudbyte7.com\/"},{"@type":"ListItem","position":2,"name":"About Us"}]},{"@type":"WebSite","@id":"https:\/\/cloudbyte7.com\/#website","url":"https:\/\/cloudbyte7.com\/","name":"Cloud Byte 7","description":"","potentialAction":[{"@type":"SearchAction","target":{"@type":"EntryPoint","urlTemplate":"https:\/\/cloudbyte7.com\/?s={search_term_string}"},"query-input":"required name=search_term_string"}],"inLanguage":"es"}]}},"_links":{"self":[{"href":"https:\/\/cloudbyte7.com\/es\/wp-json\/wp\/v2\/pages\/334"}],"collection":[{"href":"https:\/\/cloudbyte7.com\/es\/wp-json\/wp\/v2\/pages"}],"about":[{"href":"https:\/\/cloudbyte7.com\/es\/wp-json\/wp\/v2\/types\/page"}],"author":[{"embeddable":true,"href":"https:\/\/cloudbyte7.com\/es\/wp-json\/wp\/v2\/users\/34"}],"replies":[{"embeddable":true,"href":"https:\/\/cloudbyte7.com\/es\/wp-json\/wp\/v2\/comments?post=334"}],"version-history":[{"count":3,"href":"https:\/\/cloudbyte7.com\/es\/wp-json\/wp\/v2\/pages\/334\/revisions"}],"predecessor-version":[{"id":6663,"href":"https:\/\/cloudbyte7.com\/es\/wp-json\/wp\/v2\/pages\/334\/revisions\/6663"}],"wp:attachment":[{"href":"https:\/\/cloudbyte7.com\/es\/wp-json\/wp\/v2\/media?parent=334"}],"curies":[{"name":"wp","href":"https:\/\/api.w.org\/{rel}","templated":true}]}}