{"id":337,"date":"2024-08-18T07:29:45","date_gmt":"2024-08-18T10:29:45","guid":{"rendered":"https:\/\/cloudbyte7.com\/?page_id=337"},"modified":"2024-08-18T07:29:45","modified_gmt":"2024-08-18T10:29:45","slug":"cookie-policy","status":"publish","type":"page","link":"https:\/\/cloudbyte7.com\/es\/cookie-policy\/","title":{"rendered":"Pol\u00edtica de cookies"},"content":{"rendered":"<div class=\"mx-5 sm:mx-0 prose text-left mb-5\">\n<h2>Pol\u00edtica de cookies<\/h2>\n<p>En <strong>Byte de nube 7<\/strong>Su privacidad es de suma importancia para nosotros. Nos comprometemos a ser transparentes en cuanto a c\u00f3mo utilizamos la tecnolog\u00eda, en particular las cookies, para mejorar su experiencia de navegaci\u00f3n en nuestro sitio. Esta Pol\u00edtica de cookies ampliada proporciona una descripci\u00f3n general completa de qu\u00e9 son las cookies, c\u00f3mo funcionan en nuestro sitio y las opciones que tiene para administrarlas.<\/p>\n<h4>\u00bfQu\u00e9 son las cookies?<\/h4>\n<p>Las cookies son peque\u00f1os archivos de texto que los sitios web colocan en su dispositivo para almacenar informaci\u00f3n sobre su visita. Estos archivos tienen diversas finalidades, desde recordar sus datos de inicio de sesi\u00f3n hasta realizar un seguimiento de sus preferencias en diferentes sesiones de navegaci\u00f3n. Las cookies se pueden clasificar en cookies de origen, que son establecidas por nuestro sitio, y cookies de terceros, que son establecidas por otros servicios que utilizamos.<\/p>\n<h4>Tipos de cookies que utilizamos<\/h4>\n<ol>\n<li>\n<p><strong>Cookies esenciales<\/strong><\/p>\n<ul>\n<li><strong>Objetivo<\/strong>: Estas cookies son fundamentales para el funcionamiento b\u00e1sico de nuestro sitio. Le permiten navegar por el sitio, utilizar funciones esenciales y garantizar que nuestro sitio funcione correctamente. Sin estas cookies, ciertas partes del sitio web no funcionar\u00edan.<\/li>\n<li><strong>Ejemplos<\/strong>:Cookies de sesi\u00f3n que le mantienen conectado mientras se mueve entre p\u00e1ginas.<\/li>\n<\/ul>\n<\/li>\n<li>\n<p><strong>Cookies de rendimiento y an\u00e1lisis<\/strong><\/p>\n<ul>\n<li><strong>Objetivo<\/strong>: Estas cookies recopilan datos an\u00f3nimos sobre c\u00f3mo los visitantes utilizan nuestro sitio. Utilizamos esta informaci\u00f3n para comprender c\u00f3mo se consume nuestro contenido, identificar tendencias y mejorar la experiencia del usuario. Las cookies anal\u00edticas nos ayudan a evaluar qu\u00e9 contenido tiene \u00e9xito entre nuestra audiencia y c\u00f3mo podemos optimizar nuestra oferta.<\/li>\n<li><strong>Ejemplos<\/strong>:Cookies de Google Analytics que rastrean las visitas a la p\u00e1gina y las interacciones del usuario.<\/li>\n<\/ul>\n<\/li>\n<li>\n<p><strong>Cookies de funcionalidad<\/strong><\/p>\n<ul>\n<li><strong>Objetivo<\/strong>: Estas cookies permiten que nuestro sitio web recuerde las opciones que usted elige, lo que le permite disfrutar de una experiencia m\u00e1s personalizada. Esto incluye recordar su preferencia de idioma, regi\u00f3n y cualquier configuraci\u00f3n personalizada que haya aplicado durante visitas anteriores.<\/li>\n<li><strong>Ejemplos<\/strong>:Cookies que recuerdan tu idioma preferido o configuraci\u00f3n de visualizaci\u00f3n.<\/li>\n<\/ul>\n<\/li>\n<li>\n<p><strong>Cookies de publicidad y segmentaci\u00f3n<\/strong><\/p>\n<ul>\n<li><strong>Objetivo<\/strong>: Estas cookies se utilizan para mostrarle anuncios relevantes en funci\u00f3n de sus intereses. Realizan un seguimiento de sus h\u00e1bitos de navegaci\u00f3n en nuestro sitio y otros sitios web para crear un perfil de sus intereses. Luego, estos datos se utilizan para personalizar los anuncios que ve y garantizar que sean m\u00e1s relevantes para usted.<\/li>\n<li><strong>Ejemplos<\/strong>:Cookies de Google Ads que rastrean qu\u00e9 anuncios ya has visto y cu\u00e1les son m\u00e1s efectivos.<\/li>\n<\/ul>\n<\/li>\n<li>\n<p><strong>Cookies de redes sociales<\/strong><\/p>\n<ul>\n<li><strong>Objetivo<\/strong>: Estas cookies le permiten compartir nuestro contenido en plataformas de redes sociales e interactuar con nuestro contenido a trav\u00e9s de canales de redes sociales. Pueden rastrear su interacci\u00f3n con nuestro contenido en plataformas como Facebook, Twitter y LinkedIn.<\/li>\n<li><strong>Ejemplos<\/strong>:Cookies que habilitan botones de \u201cMe gusta\u201d y otras herramientas para compartir en nuestras publicaciones del blog.<\/li>\n<\/ul>\n<\/li>\n<\/ol>\n<h4>Cookies de terceros<\/h4>\n<p>Nuestro sitio utiliza servicios de terceros, como Google Analytics, Google Ads y plataformas de redes sociales, que pueden colocar cookies en su dispositivo. Estas cookies no est\u00e1n controladas por Cloud Byte 7, y le recomendamos que revise las pol\u00edticas de privacidad de estos terceros para obtener m\u00e1s informaci\u00f3n sobre sus pr\u00e1cticas. Estas cookies de terceros nos ayudan a analizar el tr\u00e1fico, mejorar nuestro contenido y brindarle anuncios personalizados.<\/p>\n<h4>C\u00f3mo utilizamos las cookies<\/h4>\n<p>Utilizamos cookies para mejorar su experiencia en nuestro sitio web de varias maneras:<\/p>\n<ul>\n<li><strong>Personalizaci\u00f3n<\/strong>:Las cookies nos permiten adaptar el contenido y las recomendaciones en funci\u00f3n de sus interacciones anteriores con nuestro sitio.<\/li>\n<li><strong>Anal\u00edtica<\/strong>Utilizamos cookies para medir y analizar el tr\u00e1fico a nuestro sitio, lo que nos permite mejorar nuestro contenido y servicios.<\/li>\n<li><strong>Publicidad<\/strong>:Las cookies nos ayudan a ofrecer anuncios relevantes para sus intereses y a medir la eficacia de nuestras campa\u00f1as publicitarias.<\/li>\n<li><strong>Seguridad<\/strong>:Algunas cookies se utilizan para garantizar la seguridad de nuestro sitio web y proteger sus datos contra accesos no autorizados.<\/li>\n<\/ul>\n<h4>Sus opciones con respecto a las cookies<\/h4>\n<p>Creemos en brindarle control sobre su experiencia en l\u00ednea. Puede administrar o deshabilitar las cookies a trav\u00e9s de la configuraci\u00f3n de su navegador. Cada navegador ofrece diferentes m\u00e9todos para gestionar las cookies:<\/p>\n<ul>\n<li><strong>Google Chrome<\/strong>: <a target=\"_new\" rel=\"noreferrer noopener\">Borrar, habilitar y administrar cookies en Chrome<\/a><\/li>\n<li><strong>Mozilla Firefox<\/strong>: <a href=\"https:\/\/support.mozilla.org\/en-US\/kb\/clear-cookies-and-site-data-firefox\" target=\"_new\" rel=\"noreferrer noopener\">Borrar cookies y datos de sitios en Firefox<\/a><\/li>\n<li><strong>Microsoft Edge<\/strong>: <a href=\"https:\/\/support.microsoft.com\/en-us\/help\/4027947\/microsoft-edge-delete-cookies\" target=\"_new\" rel=\"noreferrer noopener\">Eliminar y administrar cookies en Microsoft Edge<\/a><\/li>\n<li><strong>Safari<\/strong>: <a href=\"https:\/\/support.apple.com\/guide\/safari\/manage-cookies-and-website-data-sfri11471\/mac\" target=\"_new\" rel=\"noreferrer noopener\">Administrar cookies y datos de sitios web en Safari<\/a><\/li>\n<\/ul>\n<p>Tambi\u00e9n puedes utilizar herramientas como la <a target=\"_new\" rel=\"noreferrer noopener\">P\u00e1gina de exclusi\u00f3n voluntaria de Network Advertising Initiative<\/a> o <a target=\"_new\" rel=\"noreferrer noopener\">Complemento de inhabilitaci\u00f3n para navegadores de Google Analytics<\/a> para gestionar c\u00f3mo se utilizan las cookies con fines publicitarios y anal\u00edticos.<\/p>\n<h4>Seguridad y privacidad de datos<\/h4>\n<p>Nos comprometemos a garantizar que los datos recopilados a trav\u00e9s de cookies se utilicen de forma responsable y segura. Todos los datos recopilados a trav\u00e9s de cookies se anonimizan siempre que sea posible y solo se utilizan para mejorar su experiencia en nuestro sitio. No vendemos ni compartimos sus datos con terceros para fines distintos a los descritos en esta pol\u00edtica.<\/p>\n<h4>Actualizaciones de esta pol\u00edtica<\/h4>\n<p>A medida que nuestro sitio web evoluciona y la tecnolog\u00eda avanza, podemos actualizar esta Pol\u00edtica de cookies para reflejar cambios en nuestras pr\u00e1cticas o para cumplir con nuevas regulaciones. Le recomendamos que revise esta p\u00e1gina peri\u00f3dicamente para mantenerse informado sobre c\u00f3mo utilizamos las cookies.<\/p>\n<h4>Cont\u00e1ctenos<\/h4>\n<p>Si tiene alguna pregunta, inquietud o comentario sobre nuestra Pol\u00edtica de cookies, o si desea obtener m\u00e1s informaci\u00f3n sobre c\u00f3mo utilizamos las cookies, no dude en comunicarse con nosotros. Puede comunicarse con nosotros a trav\u00e9s de contact@cloudbyte7.com o mediante el formulario de contacto disponible en nuestro sitio web.<\/p>\n<p>Mediante el uso <a href=\"https:\/\/cloudbyte7.com\/es\/\"><strong>Byte de nube 7<\/strong><\/a>, usted acepta el uso de cookies de acuerdo con esta pol\u00edtica. Agradecemos su confianza y nos comprometemos a brindarle la mejor experiencia de navegaci\u00f3n posible. \u00a1Gracias por ser parte de nuestra comunidad!<\/p>\n<\/div>","protected":false},"excerpt":{"rendered":"<p>Pol\u00edtica de Cookies En Cloud Byte 7, su privacidad es fundamental. Nos comprometemos a ser transparentes sobre c\u00f3mo utilizamos la tecnolog\u00eda, en particular las cookies, para mejorar su experiencia de navegaci\u00f3n en nuestro sitio. Esta Pol\u00edtica de Cookies ampliada ofrece una descripci\u00f3n general completa de qu\u00e9 son las cookies, c\u00f3mo funcionan en nuestro sitio y\u2026 <a class=\"more-link\" href=\"https:\/\/cloudbyte7.com\/es\/cookie-policy\/\">Sigue leyendo <span class=\"screen-reader-text\">Pol\u00edtica de cookies<\/span><\/a><\/p>","protected":false},"author":0,"featured_media":0,"parent":0,"menu_order":0,"comment_status":"closed","ping_status":"closed","template":"elementor_header_footer","meta":{"footnotes":""},"yoast_head":"<!-- This site is optimized with the Yoast SEO plugin v23.3 - https:\/\/yoast.com\/wordpress\/plugins\/seo\/ -->\n<title>Cookie Policy - Cloud Byte 7<\/title>\n<meta name=\"robots\" content=\"index, follow, max-snippet:-1, max-image-preview:large, max-video-preview:-1\" \/>\n<link rel=\"canonical\" href=\"https:\/\/cloudbyte7.com\/es\/cookie-policy\/\" \/>\n<meta property=\"og:locale\" content=\"es_ES\" \/>\n<meta property=\"og:type\" content=\"article\" \/>\n<meta property=\"og:title\" content=\"Cookie Policy - Cloud Byte 7\" \/>\n<meta property=\"og:description\" content=\"Cookie Policy At Cloud Byte 7, your privacy is of utmost importance to us. We are dedicated to being transparent about how we use technology, particularly cookies, to enhance your browsing experience on our site. This expanded Cookie Policy provides a comprehensive overview of what cookies are, how they function on our site, and the&hellip; Continue reading Cookie Policy\" \/>\n<meta property=\"og:url\" content=\"https:\/\/cloudbyte7.com\/es\/cookie-policy\/\" \/>\n<meta property=\"og:site_name\" content=\"Cloud Byte 7\" \/>\n<meta name=\"twitter:card\" content=\"summary_large_image\" \/>\n<meta name=\"twitter:label1\" content=\"Est. reading time\" \/>\n\t<meta name=\"twitter:data1\" content=\"4 minutos\" \/>\n<script type=\"application\/ld+json\" class=\"yoast-schema-graph\">{\"@context\":\"https:\/\/schema.org\",\"@graph\":[{\"@type\":\"WebPage\",\"@id\":\"https:\/\/cloudbyte7.com\/cookie-policy\/\",\"url\":\"https:\/\/cloudbyte7.com\/cookie-policy\/\",\"name\":\"Cookie Policy - Cloud Byte 7\",\"isPartOf\":{\"@id\":\"https:\/\/cloudbyte7.com\/#website\"},\"datePublished\":\"2024-08-18T10:29:45+00:00\",\"dateModified\":\"2024-08-18T10:29:45+00:00\",\"breadcrumb\":{\"@id\":\"https:\/\/cloudbyte7.com\/cookie-policy\/#breadcrumb\"},\"inLanguage\":\"es\",\"potentialAction\":[{\"@type\":\"ReadAction\",\"target\":[\"https:\/\/cloudbyte7.com\/cookie-policy\/\"]}]},{\"@type\":\"BreadcrumbList\",\"@id\":\"https:\/\/cloudbyte7.com\/cookie-policy\/#breadcrumb\",\"itemListElement\":[{\"@type\":\"ListItem\",\"position\":1,\"name\":\"Home\",\"item\":\"https:\/\/cloudbyte7.com\/\"},{\"@type\":\"ListItem\",\"position\":2,\"name\":\"Cookie Policy\"}]},{\"@type\":\"WebSite\",\"@id\":\"https:\/\/cloudbyte7.com\/#website\",\"url\":\"https:\/\/cloudbyte7.com\/\",\"name\":\"Cloud Byte 7\",\"description\":\"\",\"potentialAction\":[{\"@type\":\"SearchAction\",\"target\":{\"@type\":\"EntryPoint\",\"urlTemplate\":\"https:\/\/cloudbyte7.com\/?s={search_term_string}\"},\"query-input\":\"required name=search_term_string\"}],\"inLanguage\":\"es\"}]}<\/script>\n<!-- \/ Yoast SEO plugin. -->","yoast_head_json":{"title":"Cookie Policy - Cloud Byte 7","robots":{"index":"index","follow":"follow","max-snippet":"max-snippet:-1","max-image-preview":"max-image-preview:large","max-video-preview":"max-video-preview:-1"},"canonical":"https:\/\/cloudbyte7.com\/es\/cookie-policy\/","og_locale":"es_ES","og_type":"article","og_title":"Cookie Policy - Cloud Byte 7","og_description":"Cookie Policy At Cloud Byte 7, your privacy is of utmost importance to us. We are dedicated to being transparent about how we use technology, particularly cookies, to enhance your browsing experience on our site. This expanded Cookie Policy provides a comprehensive overview of what cookies are, how they function on our site, and the&hellip; Continue reading Cookie Policy","og_url":"https:\/\/cloudbyte7.com\/es\/cookie-policy\/","og_site_name":"Cloud Byte 7","twitter_card":"summary_large_image","twitter_misc":{"Est. reading time":"4 minutos"},"schema":{"@context":"https:\/\/schema.org","@graph":[{"@type":"WebPage","@id":"https:\/\/cloudbyte7.com\/cookie-policy\/","url":"https:\/\/cloudbyte7.com\/cookie-policy\/","name":"Cookie Policy - Cloud Byte 7","isPartOf":{"@id":"https:\/\/cloudbyte7.com\/#website"},"datePublished":"2024-08-18T10:29:45+00:00","dateModified":"2024-08-18T10:29:45+00:00","breadcrumb":{"@id":"https:\/\/cloudbyte7.com\/cookie-policy\/#breadcrumb"},"inLanguage":"es","potentialAction":[{"@type":"ReadAction","target":["https:\/\/cloudbyte7.com\/cookie-policy\/"]}]},{"@type":"BreadcrumbList","@id":"https:\/\/cloudbyte7.com\/cookie-policy\/#breadcrumb","itemListElement":[{"@type":"ListItem","position":1,"name":"Home","item":"https:\/\/cloudbyte7.com\/"},{"@type":"ListItem","position":2,"name":"Cookie Policy"}]},{"@type":"WebSite","@id":"https:\/\/cloudbyte7.com\/#website","url":"https:\/\/cloudbyte7.com\/","name":"Cloud Byte 7","description":"","potentialAction":[{"@type":"SearchAction","target":{"@type":"EntryPoint","urlTemplate":"https:\/\/cloudbyte7.com\/?s={search_term_string}"},"query-input":"required name=search_term_string"}],"inLanguage":"es"}]}},"_links":{"self":[{"href":"https:\/\/cloudbyte7.com\/es\/wp-json\/wp\/v2\/pages\/337"}],"collection":[{"href":"https:\/\/cloudbyte7.com\/es\/wp-json\/wp\/v2\/pages"}],"about":[{"href":"https:\/\/cloudbyte7.com\/es\/wp-json\/wp\/v2\/types\/page"}],"replies":[{"embeddable":true,"href":"https:\/\/cloudbyte7.com\/es\/wp-json\/wp\/v2\/comments?post=337"}],"version-history":[{"count":0,"href":"https:\/\/cloudbyte7.com\/es\/wp-json\/wp\/v2\/pages\/337\/revisions"}],"wp:attachment":[{"href":"https:\/\/cloudbyte7.com\/es\/wp-json\/wp\/v2\/media?parent=337"}],"curies":[{"name":"wp","href":"https:\/\/api.w.org\/{rel}","templated":true}]}}