{"id":334,"date":"2024-08-18T07:29:43","date_gmt":"2024-08-18T10:29:43","guid":{"rendered":"https:\/\/cloudbyte7.com\/?page_id=334"},"modified":"2025-12-22T01:02:44","modified_gmt":"2025-12-22T01:02:44","slug":"about-us","status":"publish","type":"page","link":"https:\/\/cloudbyte7.com\/pt\/about-us\/","title":{"rendered":"Sobre n\u00f3s"},"content":{"rendered":"<!--advertisement--><div class=\"mx-5 sm:mx-0 sm:text-3xl text-2xl font-medium title-font mb-4 text-gray-900 text-left\">\n<h2 class=\"wp-block-heading\">Nuvem Byte 7<\/h2>\n<\/div><!--advertisement--><div class=\"mx-5 sm:mx-0 sm:text-3xl text-2xl font-medium title-font mb-4 text-gray-900 text-left\">\n<h3 class=\"wp-block-heading\">Explorando novos horizontes!<\/h3>\n<\/div><div class=\"mx-5 sm:mx-0 prose leading-relaxed text-lg mb-5 text-left wp-paragraph\">\n<p>Na Cloud Byte 7, temos o compromisso de pesquisar e fornecer informa\u00e7\u00f5es claras e confi\u00e1veis sobre educa\u00e7\u00e3o, tecnologia e desenvolvimento de carreira. Nossa miss\u00e3o \u00e9 apoiar as pessoas com informa\u00e7\u00f5es pr\u00e1ticas e conhecimento digital que as ajudem a crescer profissionalmente e a se manterem informadas em um mundo em constante evolu\u00e7\u00e3o. Acreditamos que o acesso a informa\u00e7\u00f5es bem estruturadas, aliado \u00e0 curiosidade e \u00e0 persist\u00eancia, desempenha um papel fundamental no desenvolvimento de habilidades, confian\u00e7a e oportunidades a longo prazo.<\/p>\n<\/div><!--advertisement--><div class=\"mx-5 sm:mx-0 sm:text-3xl text-2xl font-medium title-font mb-4 text-gray-900 text-left\">\n<h3 class=\"wp-block-heading\">Quem somos n\u00f3s?<\/h3>\n<\/div><div class=\"mx-5 sm:mx-0 prose leading-relaxed text-lg mb-5 text-left wp-paragraph\">\n<p>Cloud Byte 7 \u00e9 uma plataforma online focada em aprendizado, conhecimento tecnol\u00f3gico e explora\u00e7\u00e3o profissional. Nossa equipe editorial trabalha continuamente para publicar conte\u00fado atualizado e relevante, criado para informar e orientar leitores em diferentes etapas de suas jornadas educacionais e profissionais. Nos dedicamos a compartilhar perspectivas valiosas sobre ferramentas digitais, aprendizado online, tend\u00eancias do mercado de trabalho e oportunidades impulsionadas pela tecnologia, onde quer que voc\u00ea esteja. Considere-nos um ponto de refer\u00eancia confi\u00e1vel em sua jornada de aprendizado e crescimento profissional.<\/p>\n<\/div><!--advertisement--><div class=\"mx-5 sm:mx-0 sm:text-3xl text-2xl font-medium title-font mb-4 text-gray-900 text-left\">\n<h3 class=\"wp-block-heading\">Ajude-nos a crescer!<\/h3>\n<\/div><div class=\"mx-5 sm:mx-0 prose leading-relaxed text-lg mb-5 text-left wp-paragraph\">\n<p>Sua opini\u00e3o \u00e9 importante para n\u00f3s. Se voc\u00ea tiver ideias para novos t\u00f3picos, sugest\u00f5es de melhoria ou insights que gostaria de compartilhar, convidamos voc\u00ea a entrar em contato conosco atrav\u00e9s da nossa p\u00e1gina de contato. Ao trocarmos conhecimento e perspectivas, podemos continuar construindo um recurso que apoia o aprendizado, a inova\u00e7\u00e3o e a tomada de decis\u00f5es informadas.<\/p>\n<\/div>","protected":false},"excerpt":{"rendered":"<p>Cloud Byte 7 Exploring new horizons! At Cloud Byte 7, we\u2019re committed to researching and delivering clear, reliable insights across education, technology, and career development. Our mission is to support people with practical information and digital knowledge that helps them grow professionally and stay informed in a constantly evolving world. We believe that access to&hellip; <a class=\"more-link\" href=\"https:\/\/cloudbyte7.com\/pt\/about-us\/\">Continuar lendo <span class=\"screen-reader-text\">Sobre n\u00f3s<\/span><\/a><\/p>","protected":false},"author":34,"featured_media":0,"parent":0,"menu_order":0,"comment_status":"closed","ping_status":"closed","template":"","meta":{"footnotes":""},"yoast_head":"<!-- This site is optimized with the Yoast SEO plugin v23.3 - https:\/\/yoast.com\/wordpress\/plugins\/seo\/ -->\n<title>About Us - Cloud Byte 7<\/title>\n<meta name=\"robots\" content=\"index, follow, max-snippet:-1, max-image-preview:large, max-video-preview:-1\" \/>\n<link rel=\"canonical\" href=\"https:\/\/cloudbyte7.com\/pt\/about-us\/\" \/>\n<meta property=\"og:locale\" content=\"pt_BR\" \/>\n<meta property=\"og:type\" content=\"article\" \/>\n<meta property=\"og:title\" content=\"About Us - Cloud Byte 7\" \/>\n<meta property=\"og:description\" content=\"Cloud Byte 7 Exploring new horizons! At Cloud Byte 7, we\u2019re committed to researching and delivering clear, reliable insights across education, technology, and career development. Our mission is to support people with practical information and digital knowledge that helps them grow professionally and stay informed in a constantly evolving world. We believe that access to&hellip; Continue reading About Us\" \/>\n<meta property=\"og:url\" content=\"https:\/\/cloudbyte7.com\/pt\/about-us\/\" \/>\n<meta property=\"og:site_name\" content=\"Cloud Byte 7\" \/>\n<meta property=\"article:modified_time\" content=\"2025-12-22T01:02:44+00:00\" \/>\n<meta name=\"twitter:card\" content=\"summary_large_image\" \/>\n<meta name=\"twitter:label1\" content=\"Est. reading time\" \/>\n\t<meta name=\"twitter:data1\" content=\"1 minuto\" \/>\n<script type=\"application\/ld+json\" class=\"yoast-schema-graph\">{\"@context\":\"https:\/\/schema.org\",\"@graph\":[{\"@type\":\"WebPage\",\"@id\":\"https:\/\/cloudbyte7.com\/about-us\/\",\"url\":\"https:\/\/cloudbyte7.com\/about-us\/\",\"name\":\"About Us - Cloud Byte 7\",\"isPartOf\":{\"@id\":\"https:\/\/cloudbyte7.com\/#website\"},\"datePublished\":\"2024-08-18T10:29:43+00:00\",\"dateModified\":\"2025-12-22T01:02:44+00:00\",\"breadcrumb\":{\"@id\":\"https:\/\/cloudbyte7.com\/about-us\/#breadcrumb\"},\"inLanguage\":\"pt-BR\",\"potentialAction\":[{\"@type\":\"ReadAction\",\"target\":[\"https:\/\/cloudbyte7.com\/about-us\/\"]}]},{\"@type\":\"BreadcrumbList\",\"@id\":\"https:\/\/cloudbyte7.com\/about-us\/#breadcrumb\",\"itemListElement\":[{\"@type\":\"ListItem\",\"position\":1,\"name\":\"Home\",\"item\":\"https:\/\/cloudbyte7.com\/\"},{\"@type\":\"ListItem\",\"position\":2,\"name\":\"About Us\"}]},{\"@type\":\"WebSite\",\"@id\":\"https:\/\/cloudbyte7.com\/#website\",\"url\":\"https:\/\/cloudbyte7.com\/\",\"name\":\"Cloud Byte 7\",\"description\":\"\",\"potentialAction\":[{\"@type\":\"SearchAction\",\"target\":{\"@type\":\"EntryPoint\",\"urlTemplate\":\"https:\/\/cloudbyte7.com\/?s={search_term_string}\"},\"query-input\":\"required name=search_term_string\"}],\"inLanguage\":\"pt-BR\"}]}<\/script>\n<!-- \/ Yoast SEO plugin. -->","yoast_head_json":{"title":"About Us - Cloud Byte 7","robots":{"index":"index","follow":"follow","max-snippet":"max-snippet:-1","max-image-preview":"max-image-preview:large","max-video-preview":"max-video-preview:-1"},"canonical":"https:\/\/cloudbyte7.com\/pt\/about-us\/","og_locale":"pt_BR","og_type":"article","og_title":"About Us - Cloud Byte 7","og_description":"Cloud Byte 7 Exploring new horizons! At Cloud Byte 7, we\u2019re committed to researching and delivering clear, reliable insights across education, technology, and career development. Our mission is to support people with practical information and digital knowledge that helps them grow professionally and stay informed in a constantly evolving world. We believe that access to&hellip; Continue reading About Us","og_url":"https:\/\/cloudbyte7.com\/pt\/about-us\/","og_site_name":"Cloud Byte 7","article_modified_time":"2025-12-22T01:02:44+00:00","twitter_card":"summary_large_image","twitter_misc":{"Est. reading time":"1 minuto"},"schema":{"@context":"https:\/\/schema.org","@graph":[{"@type":"WebPage","@id":"https:\/\/cloudbyte7.com\/about-us\/","url":"https:\/\/cloudbyte7.com\/about-us\/","name":"About Us - Cloud Byte 7","isPartOf":{"@id":"https:\/\/cloudbyte7.com\/#website"},"datePublished":"2024-08-18T10:29:43+00:00","dateModified":"2025-12-22T01:02:44+00:00","breadcrumb":{"@id":"https:\/\/cloudbyte7.com\/about-us\/#breadcrumb"},"inLanguage":"pt-BR","potentialAction":[{"@type":"ReadAction","target":["https:\/\/cloudbyte7.com\/about-us\/"]}]},{"@type":"BreadcrumbList","@id":"https:\/\/cloudbyte7.com\/about-us\/#breadcrumb","itemListElement":[{"@type":"ListItem","position":1,"name":"Home","item":"https:\/\/cloudbyte7.com\/"},{"@type":"ListItem","position":2,"name":"About Us"}]},{"@type":"WebSite","@id":"https:\/\/cloudbyte7.com\/#website","url":"https:\/\/cloudbyte7.com\/","name":"Cloud Byte 7","description":"","potentialAction":[{"@type":"SearchAction","target":{"@type":"EntryPoint","urlTemplate":"https:\/\/cloudbyte7.com\/?s={search_term_string}"},"query-input":"required name=search_term_string"}],"inLanguage":"pt-BR"}]}},"_links":{"self":[{"href":"https:\/\/cloudbyte7.com\/pt\/wp-json\/wp\/v2\/pages\/334"}],"collection":[{"href":"https:\/\/cloudbyte7.com\/pt\/wp-json\/wp\/v2\/pages"}],"about":[{"href":"https:\/\/cloudbyte7.com\/pt\/wp-json\/wp\/v2\/types\/page"}],"author":[{"embeddable":true,"href":"https:\/\/cloudbyte7.com\/pt\/wp-json\/wp\/v2\/users\/34"}],"replies":[{"embeddable":true,"href":"https:\/\/cloudbyte7.com\/pt\/wp-json\/wp\/v2\/comments?post=334"}],"version-history":[{"count":3,"href":"https:\/\/cloudbyte7.com\/pt\/wp-json\/wp\/v2\/pages\/334\/revisions"}],"predecessor-version":[{"id":6663,"href":"https:\/\/cloudbyte7.com\/pt\/wp-json\/wp\/v2\/pages\/334\/revisions\/6663"}],"wp:attachment":[{"href":"https:\/\/cloudbyte7.com\/pt\/wp-json\/wp\/v2\/media?parent=334"}],"curies":[{"name":"wp","href":"https:\/\/api.w.org\/{rel}","templated":true}]}}