{"id":337,"date":"2024-08-18T07:29:45","date_gmt":"2024-08-18T10:29:45","guid":{"rendered":"https:\/\/cloudbyte7.com\/?page_id=337"},"modified":"2024-08-18T07:29:45","modified_gmt":"2024-08-18T10:29:45","slug":"cookie-policy","status":"publish","type":"page","link":"https:\/\/cloudbyte7.com\/pt\/cookie-policy\/","title":{"rendered":"Pol\u00edtica de Cookies"},"content":{"rendered":"<div class=\"mx-5 sm:mx-0 prose text-left mb-5\">\n<h2>Pol\u00edtica de Cookies<\/h2>\n<p>No <strong>Nuvem Byte 7<\/strong>, sua privacidade \u00e9 de extrema import\u00e2ncia para n\u00f3s. Nos dedicamos a ser transparentes sobre como usamos a tecnologia, especialmente os cookies, para aprimorar sua experi\u00eancia de navega\u00e7\u00e3o em nosso site. Esta Pol\u00edtica de Cookies expandida fornece uma vis\u00e3o geral abrangente do que s\u00e3o cookies, como funcionam em nosso site e as op\u00e7\u00f5es que voc\u00ea tem para gerenci\u00e1-los.<\/p>\n<h4>O que s\u00e3o cookies?<\/h4>\n<p>Cookies s\u00e3o pequenos arquivos de texto que os sites colocam no seu dispositivo para armazenar informa\u00e7\u00f5es sobre a sua visita. Esses arquivos t\u00eam diversas finalidades, desde lembrar seus dados de login at\u00e9 rastrear suas prefer\u00eancias em diferentes sess\u00f5es de navega\u00e7\u00e3o. Os cookies podem ser categorizados em cookies prim\u00e1rios, definidos pelo nosso site, e cookies de terceiros, definidos por outros servi\u00e7os que utilizamos.<\/p>\n<h4>Tipos de cookies que usamos<\/h4>\n<ol>\n<li>\n<p><strong>Cookies essenciais<\/strong><\/p>\n<ul>\n<li><strong>Prop\u00f3sito<\/strong>: Esses cookies s\u00e3o fundamentais para o funcionamento b\u00e1sico do nosso site. Eles permitem que voc\u00ea navegue no site, utilize recursos essenciais e garantam o funcionamento correto do nosso site. Sem esses cookies, certas partes do site n\u00e3o funcionariam.<\/li>\n<li><strong>Exemplos<\/strong>: Cookies de sess\u00e3o que mant\u00eam voc\u00ea conectado enquanto navega entre as p\u00e1ginas.<\/li>\n<\/ul>\n<\/li>\n<li>\n<p><strong>Cookies de desempenho e an\u00e1lise<\/strong><\/p>\n<ul>\n<li><strong>Prop\u00f3sito<\/strong>: Esses cookies coletam dados an\u00f4nimos sobre como os visitantes utilizam nosso site. Usamos essas informa\u00e7\u00f5es para entender como nosso conte\u00fado est\u00e1 sendo consumido, identificar tend\u00eancias e melhorar a experi\u00eancia do usu\u00e1rio. Os cookies de an\u00e1lise nos ajudam a avaliar qual conte\u00fado repercute com nosso p\u00fablico e como podemos otimizar nossas ofertas.<\/li>\n<li><strong>Exemplos<\/strong>: Cookies do Google Analytics que rastreiam visualiza\u00e7\u00f5es de p\u00e1ginas e intera\u00e7\u00f5es do usu\u00e1rio.<\/li>\n<\/ul>\n<\/li>\n<li>\n<p><strong>Cookies de funcionalidade<\/strong><\/p>\n<ul>\n<li><strong>Prop\u00f3sito<\/strong>: Esses cookies permitem que nosso site se lembre das suas escolhas, proporcionando uma experi\u00eancia mais personalizada. Isso inclui lembrar sua prefer\u00eancia de idioma, regi\u00e3o e quaisquer configura\u00e7\u00f5es personalizadas que voc\u00ea tenha aplicado em visitas anteriores.<\/li>\n<li><strong>Exemplos<\/strong>: Cookies que lembram seu idioma preferido ou configura\u00e7\u00f5es de exibi\u00e7\u00e3o.<\/li>\n<\/ul>\n<\/li>\n<li>\n<p><strong>Cookies de publicidade e segmenta\u00e7\u00e3o<\/strong><\/p>\n<ul>\n<li><strong>Prop\u00f3sito<\/strong>: Esses cookies s\u00e3o usados para exibir an\u00fancios relevantes com base nos seus interesses. Eles rastreiam seus h\u00e1bitos de navega\u00e7\u00e3o em nosso site e em outros sites para criar um perfil dos seus interesses. Esses dados s\u00e3o usados para personalizar os an\u00fancios que voc\u00ea v\u00ea, garantindo que sejam mais relevantes para voc\u00ea.<\/li>\n<li><strong>Exemplos<\/strong>: Cookies do Google Ads que rastreiam quais an\u00fancios voc\u00ea j\u00e1 viu e quais s\u00e3o os mais eficazes.<\/li>\n<\/ul>\n<\/li>\n<li>\n<p><strong>Cookies de m\u00eddia social<\/strong><\/p>\n<ul>\n<li><strong>Prop\u00f3sito<\/strong>: Esses cookies permitem que voc\u00ea compartilhe nosso conte\u00fado em plataformas de m\u00eddia social e interaja com ele por meio de canais de m\u00eddia social. Eles podem rastrear seu engajamento com nosso conte\u00fado em plataformas como Facebook, Twitter e LinkedIn.<\/li>\n<li><strong>Exemplos<\/strong>: Cookies que permitem bot\u00f5es \u201ccurtir\u201d e outras ferramentas de compartilhamento em nossas postagens de blog.<\/li>\n<\/ul>\n<\/li>\n<\/ol>\n<h4>Cookies de terceiros<\/h4>\n<p>Nosso site utiliza servi\u00e7os de terceiros, como Google Analytics, Google Ads e plataformas de m\u00eddia social, que podem instalar cookies no seu dispositivo. Esses cookies n\u00e3o s\u00e3o controlados pela Cloud Byte 7, e recomendamos que voc\u00ea consulte as pol\u00edticas de privacidade desses terceiros para obter mais informa\u00e7\u00f5es sobre suas pr\u00e1ticas. Esses cookies de terceiros nos ajudam a analisar o tr\u00e1fego, aprimorar nosso conte\u00fado e fornecer an\u00fancios personalizados.<\/p>\n<h4>Como usamos cookies<\/h4>\n<p>Usamos cookies para melhorar sua experi\u00eancia em nosso site de v\u00e1rias maneiras:<\/p>\n<ul>\n<li><strong>Personaliza\u00e7\u00e3o<\/strong>: Os cookies nos permitem personalizar o conte\u00fado e as recomenda\u00e7\u00f5es com base em suas intera\u00e7\u00f5es anteriores com nosso site.<\/li>\n<li><strong>An\u00e1lise<\/strong>: Usamos cookies para medir e analisar o tr\u00e1fego em nosso site, o que nos permite melhorar nosso conte\u00fado e servi\u00e7os.<\/li>\n<li><strong>An\u00fancio<\/strong>: Os cookies nos ajudam a exibir an\u00fancios relevantes aos seus interesses e a medir a efic\u00e1cia de nossas campanhas publicit\u00e1rias.<\/li>\n<li><strong>Seguran\u00e7a<\/strong>:Alguns cookies s\u00e3o usados para garantir a seguran\u00e7a do nosso site e proteger seus dados de acesso n\u00e3o autorizado.<\/li>\n<\/ul>\n<h4>Suas escolhas em rela\u00e7\u00e3o aos cookies<\/h4>\n<p>Acreditamos em dar a voc\u00ea o controle sobre sua experi\u00eancia online. Voc\u00ea pode gerenciar ou desativar cookies nas configura\u00e7\u00f5es do seu navegador. Cada navegador oferece m\u00e9todos diferentes para lidar com cookies:<\/p>\n<ul>\n<li><strong>Google Chrome<\/strong>: <a target=\"_new\" rel=\"noreferrer noopener\">Limpar, habilitar e gerenciar cookies no Chrome<\/a><\/li>\n<li><strong>Mozilla Firefox<\/strong>: <a href=\"https:\/\/support.mozilla.org\/en-US\/kb\/clear-cookies-and-site-data-firefox\" target=\"_new\" rel=\"noreferrer noopener\">Limpar cookies e dados de sites no Firefox<\/a><\/li>\n<li><strong>Microsoft Edge<\/strong>: <a href=\"https:\/\/support.microsoft.com\/en-us\/help\/4027947\/microsoft-edge-delete-cookies\" target=\"_new\" rel=\"noreferrer noopener\">Excluir e gerenciar cookies no Microsoft Edge<\/a><\/li>\n<li><strong>Saf\u00e1ri<\/strong>: <a href=\"https:\/\/support.apple.com\/guide\/safari\/manage-cookies-and-website-data-sfri11471\/mac\" target=\"_new\" rel=\"noreferrer noopener\">Gerenciar cookies e dados de sites no Safari<\/a><\/li>\n<\/ul>\n<p>Voc\u00ea tamb\u00e9m pode usar ferramentas como o <a target=\"_new\" rel=\"noreferrer noopener\">P\u00e1gina de cancelamento da Network Advertising Initiative<\/a> ou <a target=\"_new\" rel=\"noreferrer noopener\">Complemento do navegador para desativa\u00e7\u00e3o do Google Analytics<\/a> para gerenciar como os cookies s\u00e3o usados para fins de publicidade e an\u00e1lise.<\/p>\n<h4>Seguran\u00e7a e privacidade de dados<\/h4>\n<p>Estamos comprometidos em garantir que os dados coletados por meio de cookies sejam utilizados de forma respons\u00e1vel e segura. Todos os dados coletados por meio de cookies s\u00e3o anonimizados sempre que poss\u00edvel e s\u00e3o usados apenas para aprimorar sua experi\u00eancia em nosso site. N\u00e3o vendemos nem compartilhamos seus dados com terceiros para finalidades al\u00e9m das descritas nesta pol\u00edtica.<\/p>\n<h4>Atualiza\u00e7\u00f5es desta Pol\u00edtica<\/h4>\n<p>\u00c0 medida que nosso site evolui e a tecnologia avan\u00e7a, podemos atualizar esta Pol\u00edtica de Cookies para refletir mudan\u00e7as em nossas pr\u00e1ticas ou em conformidade com novas regulamenta\u00e7\u00f5es. Recomendamos que voc\u00ea revise esta p\u00e1gina periodicamente para se manter informado sobre como usamos cookies.<\/p>\n<h4>Contate-nos<\/h4>\n<p>Caso tenha alguma d\u00favida, preocupa\u00e7\u00e3o ou feedback sobre nossa Pol\u00edtica de Cookies, ou queira saber mais sobre como usamos cookies, n\u00e3o hesite em entrar em contato conosco. Voc\u00ea pode nos contatar pelo e-mail contact@cloudbyte7.com ou pelo formul\u00e1rio de contato dispon\u00edvel em nosso site.<\/p>\n<p>Ao usar <a href=\"https:\/\/cloudbyte7.com\/pt\/\"><strong>Nuvem Byte 7<\/strong><\/a>, voc\u00ea concorda com o uso de cookies de acordo com esta pol\u00edtica. Agradecemos a sua confian\u00e7a e estamos comprometidos em lhe proporcionar a melhor experi\u00eancia de navega\u00e7\u00e3o poss\u00edvel. Obrigado por fazer parte da nossa comunidade!<\/p>\n<\/div>","protected":false},"excerpt":{"rendered":"<p>Cookie Policy At Cloud Byte 7, your privacy is of utmost importance to us. We are dedicated to being transparent about how we use technology, particularly cookies, to enhance your browsing experience on our site. This expanded Cookie Policy provides a comprehensive overview of what cookies are, how they function on our site, and the&hellip; <a class=\"more-link\" href=\"https:\/\/cloudbyte7.com\/pt\/cookie-policy\/\">Continuar lendo <span class=\"screen-reader-text\">Pol\u00edtica de Cookies<\/span><\/a><\/p>","protected":false},"author":0,"featured_media":0,"parent":0,"menu_order":0,"comment_status":"closed","ping_status":"closed","template":"elementor_header_footer","meta":{"footnotes":""},"yoast_head":"<!-- This site is optimized with the Yoast SEO plugin v23.3 - https:\/\/yoast.com\/wordpress\/plugins\/seo\/ -->\n<title>Cookie Policy - Cloud Byte 7<\/title>\n<meta name=\"robots\" content=\"index, follow, max-snippet:-1, max-image-preview:large, max-video-preview:-1\" \/>\n<link rel=\"canonical\" href=\"https:\/\/cloudbyte7.com\/pt\/cookie-policy\/\" \/>\n<meta property=\"og:locale\" content=\"pt_BR\" \/>\n<meta property=\"og:type\" content=\"article\" \/>\n<meta property=\"og:title\" content=\"Cookie Policy - Cloud Byte 7\" \/>\n<meta property=\"og:description\" content=\"Cookie Policy At Cloud Byte 7, your privacy is of utmost importance to us. We are dedicated to being transparent about how we use technology, particularly cookies, to enhance your browsing experience on our site. This expanded Cookie Policy provides a comprehensive overview of what cookies are, how they function on our site, and the&hellip; Continue reading Cookie Policy\" \/>\n<meta property=\"og:url\" content=\"https:\/\/cloudbyte7.com\/pt\/cookie-policy\/\" \/>\n<meta property=\"og:site_name\" content=\"Cloud Byte 7\" \/>\n<meta name=\"twitter:card\" content=\"summary_large_image\" \/>\n<meta name=\"twitter:label1\" content=\"Est. reading time\" \/>\n\t<meta name=\"twitter:data1\" content=\"4 minutos\" \/>\n<script type=\"application\/ld+json\" class=\"yoast-schema-graph\">{\"@context\":\"https:\/\/schema.org\",\"@graph\":[{\"@type\":\"WebPage\",\"@id\":\"https:\/\/cloudbyte7.com\/cookie-policy\/\",\"url\":\"https:\/\/cloudbyte7.com\/cookie-policy\/\",\"name\":\"Cookie Policy - Cloud Byte 7\",\"isPartOf\":{\"@id\":\"https:\/\/cloudbyte7.com\/#website\"},\"datePublished\":\"2024-08-18T10:29:45+00:00\",\"dateModified\":\"2024-08-18T10:29:45+00:00\",\"breadcrumb\":{\"@id\":\"https:\/\/cloudbyte7.com\/cookie-policy\/#breadcrumb\"},\"inLanguage\":\"pt-BR\",\"potentialAction\":[{\"@type\":\"ReadAction\",\"target\":[\"https:\/\/cloudbyte7.com\/cookie-policy\/\"]}]},{\"@type\":\"BreadcrumbList\",\"@id\":\"https:\/\/cloudbyte7.com\/cookie-policy\/#breadcrumb\",\"itemListElement\":[{\"@type\":\"ListItem\",\"position\":1,\"name\":\"Home\",\"item\":\"https:\/\/cloudbyte7.com\/\"},{\"@type\":\"ListItem\",\"position\":2,\"name\":\"Cookie Policy\"}]},{\"@type\":\"WebSite\",\"@id\":\"https:\/\/cloudbyte7.com\/#website\",\"url\":\"https:\/\/cloudbyte7.com\/\",\"name\":\"Cloud Byte 7\",\"description\":\"\",\"potentialAction\":[{\"@type\":\"SearchAction\",\"target\":{\"@type\":\"EntryPoint\",\"urlTemplate\":\"https:\/\/cloudbyte7.com\/?s={search_term_string}\"},\"query-input\":\"required name=search_term_string\"}],\"inLanguage\":\"pt-BR\"}]}<\/script>\n<!-- \/ Yoast SEO plugin. -->","yoast_head_json":{"title":"Cookie Policy - Cloud Byte 7","robots":{"index":"index","follow":"follow","max-snippet":"max-snippet:-1","max-image-preview":"max-image-preview:large","max-video-preview":"max-video-preview:-1"},"canonical":"https:\/\/cloudbyte7.com\/pt\/cookie-policy\/","og_locale":"pt_BR","og_type":"article","og_title":"Cookie Policy - Cloud Byte 7","og_description":"Cookie Policy At Cloud Byte 7, your privacy is of utmost importance to us. We are dedicated to being transparent about how we use technology, particularly cookies, to enhance your browsing experience on our site. This expanded Cookie Policy provides a comprehensive overview of what cookies are, how they function on our site, and the&hellip; Continue reading Cookie Policy","og_url":"https:\/\/cloudbyte7.com\/pt\/cookie-policy\/","og_site_name":"Cloud Byte 7","twitter_card":"summary_large_image","twitter_misc":{"Est. reading time":"4 minutos"},"schema":{"@context":"https:\/\/schema.org","@graph":[{"@type":"WebPage","@id":"https:\/\/cloudbyte7.com\/cookie-policy\/","url":"https:\/\/cloudbyte7.com\/cookie-policy\/","name":"Cookie Policy - Cloud Byte 7","isPartOf":{"@id":"https:\/\/cloudbyte7.com\/#website"},"datePublished":"2024-08-18T10:29:45+00:00","dateModified":"2024-08-18T10:29:45+00:00","breadcrumb":{"@id":"https:\/\/cloudbyte7.com\/cookie-policy\/#breadcrumb"},"inLanguage":"pt-BR","potentialAction":[{"@type":"ReadAction","target":["https:\/\/cloudbyte7.com\/cookie-policy\/"]}]},{"@type":"BreadcrumbList","@id":"https:\/\/cloudbyte7.com\/cookie-policy\/#breadcrumb","itemListElement":[{"@type":"ListItem","position":1,"name":"Home","item":"https:\/\/cloudbyte7.com\/"},{"@type":"ListItem","position":2,"name":"Cookie Policy"}]},{"@type":"WebSite","@id":"https:\/\/cloudbyte7.com\/#website","url":"https:\/\/cloudbyte7.com\/","name":"Cloud Byte 7","description":"","potentialAction":[{"@type":"SearchAction","target":{"@type":"EntryPoint","urlTemplate":"https:\/\/cloudbyte7.com\/?s={search_term_string}"},"query-input":"required name=search_term_string"}],"inLanguage":"pt-BR"}]}},"_links":{"self":[{"href":"https:\/\/cloudbyte7.com\/pt\/wp-json\/wp\/v2\/pages\/337"}],"collection":[{"href":"https:\/\/cloudbyte7.com\/pt\/wp-json\/wp\/v2\/pages"}],"about":[{"href":"https:\/\/cloudbyte7.com\/pt\/wp-json\/wp\/v2\/types\/page"}],"replies":[{"embeddable":true,"href":"https:\/\/cloudbyte7.com\/pt\/wp-json\/wp\/v2\/comments?post=337"}],"version-history":[{"count":0,"href":"https:\/\/cloudbyte7.com\/pt\/wp-json\/wp\/v2\/pages\/337\/revisions"}],"wp:attachment":[{"href":"https:\/\/cloudbyte7.com\/pt\/wp-json\/wp\/v2\/media?parent=337"}],"curies":[{"name":"wp","href":"https:\/\/api.w.org\/{rel}","templated":true}]}}